{"id":5477,"date":"2019-05-24T19:47:30","date_gmt":"2019-05-24T16:47:30","guid":{"rendered":"https:\/\/www.tikutalu.ee\/?page_id=5477"},"modified":"2021-04-07T09:52:38","modified_gmt":"2021-04-07T06:52:38","slug":"activities","status":"publish","type":"page","link":"https:\/\/tikutalu.ee\/en\/opportunities\/activities\/","title":{"rendered":"Activities"},"content":{"rendered":"<div class=\"wpb-content-wrapper\"><p>[vc_row][vc_column el_id=&#8221;veelaud&#8221;][vc_column_text]<\/p>\n<h2>Pedal board\/\u00a0 SUP board<\/h2>\n<p>[\/vc_column_text][vc_row_inner][vc_column_inner width=&#8221;1\/2&#8243;][vc_column_text]A great way to enjoy being on the water and the beautiful views of Taevaskoja. Suitable for every age. \u00a0Pedal board is much easier to use than a regular SUP board &#8211; just step on and start walking. The board can also be used as a regular SUP board<\/p>\n<p>The boards are made in France by Hobie and can also be ordered through us.<\/p>\n<p>&nbsp;<\/p>\n<p>Rental:<\/p>\n<p>30 minutes 10 euros<\/p>\n<p>1 hour 15 euros[\/vc_column_text][\/vc_column_inner][vc_column_inner width=&#8221;1\/2&#8243;][vc_column_text]\r\n\t\t\t\t\t\n\r\n\t\t\t\t\t<!-- START UNITE GALLERY 1.7.45 -->\r\n\t\t\t\t\t\r\n\t\t\t\t\n\t\t\t<div class='ug-rtl'>\n\t\t\t<div id='unitegallery_3_1' class='unite-gallery'>\n\t\t\t\t\n\n\t\t\t\t\t\t<img decoding=\"async\" alt=\"36383604_1809856035737120_660654128623517696_n (1)\"\n\t\t\t\t\t\t     src=\"\" data-image=\"https:\/\/www.tikutalu.ee\/wp-content\/uploads\/2018\/06\/36383604_1809856035737120_660654128623517696_n-1.jpg\"\n\t\t\t\t\t\t     data-thumb=\"https:\/\/www.tikutalu.ee\/wp-content\/uploads\/2018\/06\/36383604_1809856035737120_660654128623517696_n-1-300x400.jpg\"\n\t\t\t\t\t\t     title=\"\"\n\t\t\t\t\t\t     style=\"display:none\">\n\n\t\t\t\t\t\t<img decoding=\"async\" alt=\"36379753_1809855942403796_705747634509316096_n\"\n\t\t\t\t\t\t     src=\"\" data-image=\"https:\/\/www.tikutalu.ee\/wp-content\/uploads\/2018\/06\/36379753_1809855942403796_705747634509316096_n.jpg\"\n\t\t\t\t\t\t     data-thumb=\"https:\/\/www.tikutalu.ee\/wp-content\/uploads\/2018\/06\/36379753_1809855942403796_705747634509316096_n-300x400.jpg\"\n\t\t\t\t\t\t     title=\"\"\n\t\t\t\t\t\t     style=\"display:none\">\n\n\t\t\t\t\t\t<img decoding=\"async\" alt=\"36383494_1809855975737126_5172357014956802048_n\"\n\t\t\t\t\t\t     src=\"\" data-image=\"https:\/\/www.tikutalu.ee\/wp-content\/uploads\/2018\/06\/36383494_1809855975737126_5172357014956802048_n.jpg\"\n\t\t\t\t\t\t     data-thumb=\"https:\/\/www.tikutalu.ee\/wp-content\/uploads\/2018\/06\/36383494_1809855975737126_5172357014956802048_n-300x400.jpg\"\n\t\t\t\t\t\t     title=\"\"\n\t\t\t\t\t\t     style=\"display:none\">\n\n\t\t\t\t\t\t<img decoding=\"async\" alt=\"pedal board 2\"\n\t\t\t\t\t\t     src=\"\" data-image=\"https:\/\/www.tikutalu.ee\/wp-content\/uploads\/2019\/04\/pedal-board-2-e1554451908685-scaled.jpg\"\n\t\t\t\t\t\t     data-thumb=\"https:\/\/www.tikutalu.ee\/wp-content\/uploads\/2019\/04\/pedal-board-2-e1554451908685-300x400.jpg\"\n\t\t\t\t\t\t     title=\"\"\n\t\t\t\t\t\t     style=\"display:none\">\n\n\t\t\t\t\t\t<img decoding=\"async\" alt=\"pedal board 3\"\n\t\t\t\t\t\t     src=\"\" data-image=\"https:\/\/www.tikutalu.ee\/wp-content\/uploads\/2019\/04\/pedal-board-3-e1554451863559-scaled.jpg\"\n\t\t\t\t\t\t     data-thumb=\"https:\/\/www.tikutalu.ee\/wp-content\/uploads\/2019\/04\/pedal-board-3-e1554451863559-300x225.jpg\"\n\t\t\t\t\t\t     title=\"\"\n\t\t\t\t\t\t     style=\"display:none\">\n\n\t\t\t\t\t\t<img decoding=\"async\" alt=\"Pedalboard 1\"\n\t\t\t\t\t\t     src=\"\" data-image=\"https:\/\/www.tikutalu.ee\/wp-content\/uploads\/2019\/04\/Pedalboard-1.jpg\"\n\t\t\t\t\t\t     data-thumb=\"https:\/\/www.tikutalu.ee\/wp-content\/uploads\/2019\/04\/Pedalboard-1.jpg\"\n\t\t\t\t\t\t     title=\"\"\n\t\t\t\t\t\t     style=\"display:none\">\n\t\t\t<\/div>\n\t\t\t<\/div>\n\n\t\t\t<script type='text\/javascript'>\n\t\t\t\twindow.onload = function(e) {\n\t\t\t\t\tif(typeof ugCheckForErrors == \"undefined\"){\n\t\t\t\t\t\tdocument.getElementById(\"unitegallery_3_1\").innerHTML = \"<span style='color:red'>Unite Gallery Error - gallery js and css files not included in the footer. Please make sure that wp_footer() function is added to your theme.<\/span>\";}\n\t\t\t\t\telse{ ugCheckForErrors(\"unitegallery_3_1\", \"jquery\");}\n\t\t\t\t};\n\t\t\t<\/script>\n\n\t\t\t<!-- END UNITEGALLERY -->[\/vc_column_text][\/vc_column_inner][\/vc_row_inner][\/vc_column][\/vc_row][vc_row][vc_column el_id=&#8221;vesiratas&#8221;][vc_column_text]<\/p>\n<h2>Water bicycles<\/h2>\n<p>[\/vc_column_text][vc_row_inner][vc_column_inner width=&#8221;1\/2&#8243;][vc_column_text]Water bicycle can hold up to 4 people at a time. Opportunity to go sightseeing on the Ahja River with family or friends.<\/p>\n<p>&nbsp;<\/p>\n<p>Rental:<\/p>\n<p>30 minutes 10 euros<\/p>\n<p>1 hour 15 euros[\/vc_column_text][\/vc_column_inner][vc_column_inner width=&#8221;1\/2&#8243;][vc_wp_text][\/vc_wp_text][vc_column_text]\r\n\t\t\t\t\t\n\r\n\t\t\t\t\t<!-- START UNITE GALLERY 1.7.45 -->\r\n\t\t\t\t\t\r\n\t\t\t\t\n\t\t\t<div class='ug-rtl'>\n\t\t\t<div id='unitegallery_4_2' class='unite-gallery'>\n\t\t\t\t\n\n\t\t\t\t\t\t<img decoding=\"async\" alt=\"Photo 12-07-2018, 21 52 52\"\n\t\t\t\t\t\t     src=\"\" data-image=\"https:\/\/www.tikutalu.ee\/wp-content\/uploads\/2018\/07\/Photo-12-07-2018-21-52-52.jpg\"\n\t\t\t\t\t\t     data-thumb=\"https:\/\/www.tikutalu.ee\/wp-content\/uploads\/2018\/07\/Photo-12-07-2018-21-52-52-300x400.jpg\"\n\t\t\t\t\t\t     title=\"\"\n\t\t\t\t\t\t     style=\"display:none\">\n\n\t\t\t\t\t\t<img decoding=\"async\" alt=\"Photo 12-07-2018, 21 54 23\"\n\t\t\t\t\t\t     src=\"\" data-image=\"https:\/\/www.tikutalu.ee\/wp-content\/uploads\/2018\/07\/Photo-12-07-2018-21-54-23.jpg\"\n\t\t\t\t\t\t     data-thumb=\"https:\/\/www.tikutalu.ee\/wp-content\/uploads\/2018\/07\/Photo-12-07-2018-21-54-23-300x400.jpg\"\n\t\t\t\t\t\t     title=\"\"\n\t\t\t\t\t\t     style=\"display:none\">\n\t\t\t<\/div>\n\t\t\t<\/div>\n\n\n\t\t\t<!-- END UNITEGALLERY -->[\/vc_column_text][\/vc_column_inner][\/vc_row_inner][\/vc_column][\/vc_row][vc_row][vc_column el_id=&#8221;kanuu&#8221;][vc_column_text]<\/p>\n<h2>Canoeing<\/h2>\n<p>[\/vc_column_text][vc_row_inner][vc_column_inner width=&#8221;1\/2&#8243;][vc_column_text]The epic canoe trips on the Ahja river is the best entertainment in Southern-Estonia.<\/p>\n<p>Canoe rent for 24 hours -20 euros per person<\/p>\n<p>Canoe rent for 48 hours &#8211; 35 euros per person<\/p>\n<p>Canoe rental price includes:<\/p>\n<p>A place in the canoe<\/p>\n<p>a paddle<\/p>\n<p>lifejacket<\/p>\n<p>instructions<\/p>\n<p>guarded car parking[\/vc_column_text][\/vc_column_inner][vc_column_inner width=&#8221;1\/2&#8243;][vc_column_text]\r\n\t\t\t\t\t\n\r\n\t\t\t\t\t<!-- START UNITE GALLERY 1.7.45 -->\r\n\t\t\t\t\t\r\n\t\t\t\t\n\t\t\t<div class='ug-rtl'>\n\t\t\t<div id='unitegallery_5_3' class='unite-gallery'>\n\t\t\t\t\n\n\t\t\t\t\t\t<img decoding=\"async\" alt=\"Kanuumatkad Ahja j\u00f5el\"\n\t\t\t\t\t\t     src=\"\" data-image=\"https:\/\/www.tikutalu.ee\/wp-content\/uploads\/2015\/07\/Aktiivne-puhkus-2.jpg\"\n\t\t\t\t\t\t     data-thumb=\"https:\/\/www.tikutalu.ee\/wp-content\/uploads\/2015\/07\/Aktiivne-puhkus-2-600x600.jpg\"\n\t\t\t\t\t\t     title=\"Kanuumatkad Ahja j\u00f5el on parimad L\u00f5una-Eestis\"\n\t\t\t\t\t\t     style=\"display:none\">\n\n\t\t\t\t\t\t<img decoding=\"async\" alt=\"Kanuu rent Kiidj\u00e4rvel\"\n\t\t\t\t\t\t     src=\"\" data-image=\"https:\/\/www.tikutalu.ee\/wp-content\/uploads\/2015\/07\/Aktiivne-puhkus-5.jpg\"\n\t\t\t\t\t\t     data-thumb=\"https:\/\/www.tikutalu.ee\/wp-content\/uploads\/2015\/07\/Aktiivne-puhkus-5-600x600.jpg\"\n\t\t\t\t\t\t     title=\"\"\n\t\t\t\t\t\t     style=\"display:none\">\n\n\t\t\t\t\t\t<img decoding=\"async\" alt=\"Kanuumatkad Ahja j\u00f5el\"\n\t\t\t\t\t\t     src=\"\" data-image=\"https:\/\/www.tikutalu.ee\/wp-content\/uploads\/2015\/07\/Aktiivne-puhkus-4.jpg\"\n\t\t\t\t\t\t     data-thumb=\"https:\/\/www.tikutalu.ee\/wp-content\/uploads\/2015\/07\/Aktiivne-puhkus-4-600x600.jpg\"\n\t\t\t\t\t\t     title=\"Kanuumatkad L\u00f5una-Eestis on lahedad\"\n\t\t\t\t\t\t     style=\"display:none\">\n\n\t\t\t\t\t\t<img decoding=\"async\" alt=\"Kanuumatk Ahja j\u00f5el\"\n\t\t\t\t\t\t     src=\"\" data-image=\"https:\/\/www.tikutalu.ee\/wp-content\/uploads\/2015\/07\/Aktiivne-puhkus-1.jpg\"\n\t\t\t\t\t\t     data-thumb=\"https:\/\/www.tikutalu.ee\/wp-content\/uploads\/2015\/07\/Aktiivne-puhkus-1-600x600.jpg\"\n\t\t\t\t\t\t     title=\"\"\n\t\t\t\t\t\t     style=\"display:none\">\n\n\t\t\t\t\t\t<img decoding=\"async\" alt=\"Aktiivne puhkus\"\n\t\t\t\t\t\t     src=\"\" data-image=\"https:\/\/www.tikutalu.ee\/wp-content\/uploads\/2015\/07\/Aktiivne-puhkus-3.jpg\"\n\t\t\t\t\t\t     data-thumb=\"https:\/\/www.tikutalu.ee\/wp-content\/uploads\/2015\/07\/Aktiivne-puhkus-3-600x600.jpg\"\n\t\t\t\t\t\t     title=\"\"\n\t\t\t\t\t\t     style=\"display:none\">\n\n\t\t\t\t\t\t<img decoding=\"async\" alt=\"Kanuuga Taevaskoja all\"\n\t\t\t\t\t\t     src=\"\" data-image=\"https:\/\/www.tikutalu.ee\/wp-content\/uploads\/2015\/07\/Aktiivne-puhkus-6.jpg\"\n\t\t\t\t\t\t     data-thumb=\"https:\/\/www.tikutalu.ee\/wp-content\/uploads\/2015\/07\/Aktiivne-puhkus-6-600x600.jpg\"\n\t\t\t\t\t\t     title=\"\"\n\t\t\t\t\t\t     style=\"display:none\">\n\n\t\t\t\t\t\t<img decoding=\"async\" alt=\"S\u00f5udepaadi rent Ahja j\u00f5el\"\n\t\t\t\t\t\t     src=\"\" data-image=\"https:\/\/www.tikutalu.ee\/wp-content\/uploads\/2015\/03\/paadiga-Ahja-j\u00f5el.jpg\"\n\t\t\t\t\t\t     data-thumb=\"https:\/\/www.tikutalu.ee\/wp-content\/uploads\/2015\/03\/paadiga-Ahja-j\u00f5el.jpg\"\n\t\t\t\t\t\t     title=\"\"\n\t\t\t\t\t\t     style=\"display:none\">\n\n\t\t\t\t\t\t<img decoding=\"async\" alt=\"Kanuu s\u00f5idult r\u00f5\u00f5musalt tagasi\"\n\t\t\t\t\t\t     src=\"\" data-image=\"https:\/\/www.tikutalu.ee\/wp-content\/uploads\/2015\/07\/Aktiivne-puhkus-7.jpg\"\n\t\t\t\t\t\t     data-thumb=\"https:\/\/www.tikutalu.ee\/wp-content\/uploads\/2015\/07\/Aktiivne-puhkus-7-600x600.jpg\"\n\t\t\t\t\t\t     title=\"\"\n\t\t\t\t\t\t     style=\"display:none\">\n\t\t\t<\/div>\n\t\t\t<\/div>\n\n\n\t\t\t<!-- END UNITEGALLERY -->[\/vc_column_text][\/vc_column_inner][\/vc_row_inner][\/vc_column][\/vc_row][vc_row css=&#8221;.vc_custom_1550636508966{margin-top: 40px !important;}&#8221;][vc_column el_id=&#8221;paat&#8221;][vc_row_inner][vc_column_inner width=&#8221;1\/2&#8243;][vc_column_text]<\/p>\n<h3><strong>Boat rental<\/strong><\/h3>\n<p>Tiku Holiday Homes offer Nordline rowing boats.<\/p>\n<p>Rental<\/p>\n<p>1 hour 10 euros<\/p>\n<p>24 hours 25 euros<\/p>\n<h3><strong>Hiking trails<\/strong><\/h3>\n<p>&nbsp;<\/p>\n<p>Kiidj\u00e4rve &#8211; Taevaskoja &#8211; Kiidj\u00e4rve hiking trail (11,8 km) goes through our territory. More information about the hiking trail on<a href=\"https:\/\/loodusegakoos.ee\/where-to-go\/recreation-areas\/kiidjarve-kooraste-recreation-area\/kiidjarve\" target=\"_blank\" rel=\"noopener noreferrer\"> RMK&#8217;s website.<\/a>[\/vc_column_text][vc_column_text]<\/p>\n<h3><strong>Ski trail, skating rink<\/strong><\/h3>\n<p>When the weather allows, the ski and skating trail can be used in the winter. The trail starts from Tiku Holiday Homes and ends near the Taevaskoja dam.<\/p>\n<p>[\/vc_column_text][\/vc_column_inner][vc_column_inner width=&#8221;1\/2&#8243;][\/vc_column_inner][\/vc_row_inner][\/vc_column][\/vc_row]<\/p>\n<\/div>","protected":false},"excerpt":{"rendered":"<p>[vc_row][vc_column el_id=&#8221;veelaud&#8221;][vc_column_text] Pedal board\/\u00a0 SUP board [\/vc_column_text][vc_row_inner][vc_column_inner width=&#8221;1\/2&#8243;][vc_column_text]A great way to enjoy being on the water and the beautiful views of Taevaskoja. Suitable for every&#8230;<\/p>\n","protected":false},"author":11,"featured_media":6130,"parent":5402,"menu_order":28,"comment_status":"closed","ping_status":"closed","template":"","meta":{"footnotes":""},"class_list":["post-5477","page","type-page","status-publish","has-post-thumbnail","hentry"],"yoast_head":"<!-- This site is optimized with the Yoast SEO plugin v27.3 - https:\/\/yoast.com\/product\/yoast-seo-wordpress\/ -->\n<title>Activities - Tiku Puhkemajad<\/title>\n<meta name=\"robots\" content=\"index, follow, max-snippet:-1, max-image-preview:large, max-video-preview:-1\" \/>\n<link rel=\"canonical\" href=\"https:\/\/tikutalu.ee\/en\/opportunities\/activities\/\" \/>\n<meta property=\"og:locale\" content=\"en_US\" \/>\n<meta property=\"og:type\" content=\"article\" \/>\n<meta property=\"og:title\" content=\"Activities - Tiku Puhkemajad\" \/>\n<meta property=\"og:description\" content=\"[vc_row][vc_column el_id=&#8221;veelaud&#8221;][vc_column_text] Pedal board\/\u00a0 SUP board [\/vc_column_text][vc_row_inner][vc_column_inner width=&#8221;1\/2&#8243;][vc_column_text]A great way to enjoy being on the water and the beautiful views of Taevaskoja. Suitable for every...\" \/>\n<meta property=\"og:url\" content=\"https:\/\/tikutalu.ee\/en\/opportunities\/activities\/\" \/>\n<meta property=\"og:site_name\" content=\"Tiku Puhkemajad\" \/>\n<meta property=\"article:publisher\" content=\"https:\/\/www.facebook.com\/Kiidjarve\/\" \/>\n<meta property=\"article:modified_time\" content=\"2021-04-07T06:52:38+00:00\" \/>\n<meta property=\"og:image\" content=\"https:\/\/tikutalu.ee\/wp-content\/uploads\/2019\/02\/banner-j\u00f5ematkad.jpg\" \/>\n\t<meta property=\"og:image:width\" content=\"678\" \/>\n\t<meta property=\"og:image:height\" content=\"525\" \/>\n\t<meta property=\"og:image:type\" content=\"image\/jpeg\" \/>\n<meta name=\"twitter:label1\" content=\"Est. reading time\" \/>\n\t<meta name=\"twitter:data1\" content=\"2 minutes\" \/>\n<script type=\"application\/ld+json\" class=\"yoast-schema-graph\">{\"@context\":\"https:\\\/\\\/schema.org\",\"@graph\":[{\"@type\":\"WebPage\",\"@id\":\"https:\\\/\\\/tikutalu.ee\\\/en\\\/opportunities\\\/activities\\\/\",\"url\":\"https:\\\/\\\/tikutalu.ee\\\/en\\\/opportunities\\\/activities\\\/\",\"name\":\"Activities - Tiku Puhkemajad\",\"isPartOf\":{\"@id\":\"https:\\\/\\\/www.tikutalu.ee\\\/#website\"},\"primaryImageOfPage\":{\"@id\":\"https:\\\/\\\/tikutalu.ee\\\/en\\\/opportunities\\\/activities\\\/#primaryimage\"},\"image\":{\"@id\":\"https:\\\/\\\/tikutalu.ee\\\/en\\\/opportunities\\\/activities\\\/#primaryimage\"},\"thumbnailUrl\":\"https:\\\/\\\/www.tikutalu.ee\\\/wp-content\\\/uploads\\\/2019\\\/02\\\/banner-j\u00f5ematkad.jpg\",\"datePublished\":\"2019-05-24T16:47:30+00:00\",\"dateModified\":\"2021-04-07T06:52:38+00:00\",\"breadcrumb\":{\"@id\":\"https:\\\/\\\/tikutalu.ee\\\/en\\\/opportunities\\\/activities\\\/#breadcrumb\"},\"inLanguage\":\"en-US\",\"potentialAction\":[{\"@type\":\"ReadAction\",\"target\":[\"https:\\\/\\\/tikutalu.ee\\\/en\\\/opportunities\\\/activities\\\/\"]}]},{\"@type\":\"ImageObject\",\"inLanguage\":\"en-US\",\"@id\":\"https:\\\/\\\/tikutalu.ee\\\/en\\\/opportunities\\\/activities\\\/#primaryimage\",\"url\":\"https:\\\/\\\/www.tikutalu.ee\\\/wp-content\\\/uploads\\\/2019\\\/02\\\/banner-j\u00f5ematkad.jpg\",\"contentUrl\":\"https:\\\/\\\/www.tikutalu.ee\\\/wp-content\\\/uploads\\\/2019\\\/02\\\/banner-j\u00f5ematkad.jpg\",\"width\":678,\"height\":525,\"caption\":\"Tiku Puhkemajad\"},{\"@type\":\"BreadcrumbList\",\"@id\":\"https:\\\/\\\/tikutalu.ee\\\/en\\\/opportunities\\\/activities\\\/#breadcrumb\",\"itemListElement\":[{\"@type\":\"ListItem\",\"position\":1,\"name\":\"Home\",\"item\":\"https:\\\/\\\/www.tikutalu.ee\\\/en\\\/\"},{\"@type\":\"ListItem\",\"position\":2,\"name\":\"Opportunities\",\"item\":\"https:\\\/\\\/www.tikutalu.ee\\\/en\\\/opportunities\\\/\"},{\"@type\":\"ListItem\",\"position\":3,\"name\":\"Activities\"}]},{\"@type\":\"WebSite\",\"@id\":\"https:\\\/\\\/www.tikutalu.ee\\\/#website\",\"url\":\"https:\\\/\\\/www.tikutalu.ee\\\/\",\"name\":\"Tiku Puhkemajad\",\"description\":\"Stairs, Railings, Metal works\",\"publisher\":{\"@id\":\"https:\\\/\\\/www.tikutalu.ee\\\/#organization\"},\"potentialAction\":[{\"@type\":\"SearchAction\",\"target\":{\"@type\":\"EntryPoint\",\"urlTemplate\":\"https:\\\/\\\/www.tikutalu.ee\\\/?s={search_term_string}\"},\"query-input\":{\"@type\":\"PropertyValueSpecification\",\"valueRequired\":true,\"valueName\":\"search_term_string\"}}],\"inLanguage\":\"en-US\"},{\"@type\":\"Organization\",\"@id\":\"https:\\\/\\\/www.tikutalu.ee\\\/#organization\",\"name\":\"Tiku Puhkemajad\",\"url\":\"https:\\\/\\\/www.tikutalu.ee\\\/\",\"logo\":{\"@type\":\"ImageObject\",\"inLanguage\":\"en-US\",\"@id\":\"https:\\\/\\\/www.tikutalu.ee\\\/#\\\/schema\\\/logo\\\/image\\\/\",\"url\":\"https:\\\/\\\/www.tikutalu.ee\\\/wp-content\\\/uploads\\\/2019\\\/01\\\/mida-roheline-saun.jpg\",\"contentUrl\":\"https:\\\/\\\/www.tikutalu.ee\\\/wp-content\\\/uploads\\\/2019\\\/01\\\/mida-roheline-saun.jpg\",\"width\":855,\"height\":570,\"caption\":\"Tiku Puhkemajad\"},\"image\":{\"@id\":\"https:\\\/\\\/www.tikutalu.ee\\\/#\\\/schema\\\/logo\\\/image\\\/\"},\"sameAs\":[\"https:\\\/\\\/www.facebook.com\\\/Kiidjarve\\\/\"]}]}<\/script>\n<!-- \/ Yoast SEO plugin. -->","yoast_head_json":{"title":"Activities - Tiku Puhkemajad","robots":{"index":"index","follow":"follow","max-snippet":"max-snippet:-1","max-image-preview":"max-image-preview:large","max-video-preview":"max-video-preview:-1"},"canonical":"https:\/\/tikutalu.ee\/en\/opportunities\/activities\/","og_locale":"en_US","og_type":"article","og_title":"Activities - Tiku Puhkemajad","og_description":"[vc_row][vc_column el_id=&#8221;veelaud&#8221;][vc_column_text] Pedal board\/\u00a0 SUP board [\/vc_column_text][vc_row_inner][vc_column_inner width=&#8221;1\/2&#8243;][vc_column_text]A great way to enjoy being on the water and the beautiful views of Taevaskoja. Suitable for every...","og_url":"https:\/\/tikutalu.ee\/en\/opportunities\/activities\/","og_site_name":"Tiku Puhkemajad","article_publisher":"https:\/\/www.facebook.com\/Kiidjarve\/","article_modified_time":"2021-04-07T06:52:38+00:00","og_image":[{"width":678,"height":525,"url":"https:\/\/tikutalu.ee\/wp-content\/uploads\/2019\/02\/banner-j\u00f5ematkad.jpg","type":"image\/jpeg"}],"twitter_misc":{"Est. reading time":"2 minutes"},"schema":{"@context":"https:\/\/schema.org","@graph":[{"@type":"WebPage","@id":"https:\/\/tikutalu.ee\/en\/opportunities\/activities\/","url":"https:\/\/tikutalu.ee\/en\/opportunities\/activities\/","name":"Activities - Tiku Puhkemajad","isPartOf":{"@id":"https:\/\/www.tikutalu.ee\/#website"},"primaryImageOfPage":{"@id":"https:\/\/tikutalu.ee\/en\/opportunities\/activities\/#primaryimage"},"image":{"@id":"https:\/\/tikutalu.ee\/en\/opportunities\/activities\/#primaryimage"},"thumbnailUrl":"https:\/\/www.tikutalu.ee\/wp-content\/uploads\/2019\/02\/banner-j\u00f5ematkad.jpg","datePublished":"2019-05-24T16:47:30+00:00","dateModified":"2021-04-07T06:52:38+00:00","breadcrumb":{"@id":"https:\/\/tikutalu.ee\/en\/opportunities\/activities\/#breadcrumb"},"inLanguage":"en-US","potentialAction":[{"@type":"ReadAction","target":["https:\/\/tikutalu.ee\/en\/opportunities\/activities\/"]}]},{"@type":"ImageObject","inLanguage":"en-US","@id":"https:\/\/tikutalu.ee\/en\/opportunities\/activities\/#primaryimage","url":"https:\/\/www.tikutalu.ee\/wp-content\/uploads\/2019\/02\/banner-j\u00f5ematkad.jpg","contentUrl":"https:\/\/www.tikutalu.ee\/wp-content\/uploads\/2019\/02\/banner-j\u00f5ematkad.jpg","width":678,"height":525,"caption":"Tiku Puhkemajad"},{"@type":"BreadcrumbList","@id":"https:\/\/tikutalu.ee\/en\/opportunities\/activities\/#breadcrumb","itemListElement":[{"@type":"ListItem","position":1,"name":"Home","item":"https:\/\/www.tikutalu.ee\/en\/"},{"@type":"ListItem","position":2,"name":"Opportunities","item":"https:\/\/www.tikutalu.ee\/en\/opportunities\/"},{"@type":"ListItem","position":3,"name":"Activities"}]},{"@type":"WebSite","@id":"https:\/\/www.tikutalu.ee\/#website","url":"https:\/\/www.tikutalu.ee\/","name":"Tiku Puhkemajad","description":"Stairs, Railings, Metal works","publisher":{"@id":"https:\/\/www.tikutalu.ee\/#organization"},"potentialAction":[{"@type":"SearchAction","target":{"@type":"EntryPoint","urlTemplate":"https:\/\/www.tikutalu.ee\/?s={search_term_string}"},"query-input":{"@type":"PropertyValueSpecification","valueRequired":true,"valueName":"search_term_string"}}],"inLanguage":"en-US"},{"@type":"Organization","@id":"https:\/\/www.tikutalu.ee\/#organization","name":"Tiku Puhkemajad","url":"https:\/\/www.tikutalu.ee\/","logo":{"@type":"ImageObject","inLanguage":"en-US","@id":"https:\/\/www.tikutalu.ee\/#\/schema\/logo\/image\/","url":"https:\/\/www.tikutalu.ee\/wp-content\/uploads\/2019\/01\/mida-roheline-saun.jpg","contentUrl":"https:\/\/www.tikutalu.ee\/wp-content\/uploads\/2019\/01\/mida-roheline-saun.jpg","width":855,"height":570,"caption":"Tiku Puhkemajad"},"image":{"@id":"https:\/\/www.tikutalu.ee\/#\/schema\/logo\/image\/"},"sameAs":["https:\/\/www.facebook.com\/Kiidjarve\/"]}]}},"_links":{"self":[{"href":"https:\/\/tikutalu.ee\/en\/wp-json\/wp\/v2\/pages\/5477","targetHints":{"allow":["GET"]}}],"collection":[{"href":"https:\/\/tikutalu.ee\/en\/wp-json\/wp\/v2\/pages"}],"about":[{"href":"https:\/\/tikutalu.ee\/en\/wp-json\/wp\/v2\/types\/page"}],"author":[{"embeddable":true,"href":"https:\/\/tikutalu.ee\/en\/wp-json\/wp\/v2\/users\/11"}],"replies":[{"embeddable":true,"href":"https:\/\/tikutalu.ee\/en\/wp-json\/wp\/v2\/comments?post=5477"}],"version-history":[{"count":5,"href":"https:\/\/tikutalu.ee\/en\/wp-json\/wp\/v2\/pages\/5477\/revisions"}],"predecessor-version":[{"id":6129,"href":"https:\/\/tikutalu.ee\/en\/wp-json\/wp\/v2\/pages\/5477\/revisions\/6129"}],"up":[{"embeddable":true,"href":"https:\/\/tikutalu.ee\/en\/wp-json\/wp\/v2\/pages\/5402"}],"wp:featuredmedia":[{"embeddable":true,"href":"https:\/\/tikutalu.ee\/en\/wp-json\/wp\/v2\/media\/6130"}],"wp:attachment":[{"href":"https:\/\/tikutalu.ee\/en\/wp-json\/wp\/v2\/media?parent=5477"}],"curies":[{"name":"wp","href":"https:\/\/api.w.org\/{rel}","templated":true}]}}