{"id":5400,"date":"2019-04-22T17:33:17","date_gmt":"2019-04-22T14:33:17","guid":{"rendered":"https:\/\/www.tikutalu.ee\/?page_id=5400"},"modified":"2026-03-23T20:57:39","modified_gmt":"2026-03-23T18:57:39","slug":"pricelist","status":"publish","type":"page","link":"https:\/\/tikutalu.ee\/en\/pricelist\/","title":{"rendered":"Pricelist"},"content":{"rendered":"<div class=\"wpb-content-wrapper\"><p>[vc_row][vc_column][vc_column_text]<\/p>\n<h1>Tikutalu teenuste hinnad<\/h1>\n<ul>\n<li style=\"text-align: left;\">Privaatsed sauna- ja suure terrassiga puhkemajad<\/li>\n<li style=\"text-align: left;\">Kontaktivaba sisse-ja v\u00e4lja registreerimine<\/li>\n<li style=\"text-align: left;\">Hinna sees saun, voodipesud, saunar\u00e4tikud, grill, wifi.<\/li>\n<\/ul>\n<table style=\"height: 1391px;\" width=\"506\">\n<tbody>\n<tr>\n<td width=\"139\">Hinnakiri<\/td>\n<td width=\"93\"><\/td>\n<td width=\"101\"><\/td>\n<\/tr>\n<tr>\n<td><\/td>\n<td><\/td>\n<td><\/td>\n<\/tr>\n<tr>\n<td>Nimetus<\/td>\n<td>Hind eur<\/td>\n<td>\u00dchik<\/td>\n<\/tr>\n<tr>\n<td>Puhkemaja Kelder<\/td>\n<td>\u00a0200 eur<\/td>\n<td>p\u00e4ev<\/td>\n<\/tr>\n<tr>\n<td>Puhkemaja Ait<\/td>\n<td>\u00a0270 eur<\/td>\n<td>p\u00e4ev<\/td>\n<\/tr>\n<tr>\n<td>Lemmikloom<\/td>\n<td>25 eur<\/td>\n<td><\/td>\n<\/tr>\n<tr>\n<td>Majutus suitsusaunas<\/td>\n<td>\u00a0 20\u00a0 \u00a0eur<\/td>\n<td>inimene<\/td>\n<\/tr>\n<tr>\n<td>Vaba\u00f5husaal Tall<\/td>\n<td>\u00a0 \u00a0alates\u00a0 \u00a0 \u00a070 eur\/h<\/td>\n<td>minimaalne broneeringu aeg 3 h<\/td>\n<\/tr>\n<tr>\n<td>Suitsusaun<\/td>\n<td>\u00a0 \u00a0280 eur<\/td>\n<td>kord<\/td>\n<\/tr>\n<tr>\n<td>K\u00fcmblust\u00fcnn<\/td>\n<td>\u00a0 \u00a0150 eur<\/td>\n<td>3 h<\/td>\n<\/tr>\n<tr>\n<td>Grills\u00fcsi<\/td>\n<td>\u00a0 \u00a010 eur<\/td>\n<td>2 kg kott<\/td>\n<\/tr>\n<tr>\n<td>K\u00fcttepuu v\u00f5rgus<\/td>\n<td>10 eur<\/td>\n<td>kott<\/td>\n<\/tr>\n<tr>\n<td>Varasem sisseregistreerimine<\/td>\n<td>20 eur<\/td>\n<td>tund (ainult kokkuleppel)<\/td>\n<\/tr>\n<tr>\n<td>Hilisem v\u00e4ljaregistreerimine<\/td>\n<td>20 eur<\/td>\n<td>tund (ainult kokkuleppel)<\/td>\n<\/tr>\n<\/tbody>\n<\/table>\n<p>[\/vc_column_text][\/vc_column][\/vc_row][vc_row gap=&#8221;30&#8243;][vc_column width=&#8221;1\/2&#8243;][vc_column_text]<\/p>\n<h3>Puhkemaja &#8220;Kelder&#8221;<\/h3>\n<p>[\/vc_column_text][vc_toggle title=&#8221;rohkem infot puhkemaja &#8220;Kelder&#8220; kohta&#8221;]Puhkemaja kuni viiele inimesele &#8211; 1 lai kaheinimese voodi, 1 \u00fcheinimesevoodi, 1 kahekohaline diivanvoodi.V\u00f5imalik lisakoht madratsil (10.-eur). Puhkemajas elektrikerisega saun, k\u00f6\u00f6ginurk tarvikutega, voodipesu, r\u00e4tikud, grilli-,paadi kasutamine. Puhkemaja ees ja k\u00f5rval avar terrass koos v\u00e4lim\u00f6\u00f6bliga. Vaata ka<span style=\"text-decoration: underline;\"><span style=\"color: #3366ff;\"><a style=\"color: #3366ff; text-decoration: underline;\" href=\"https:\/\/www.tikutalu.ee\/majutus-puhkemajad\/#kelder\"> pikemat kirjeldust ja pilte<\/a><\/span><\/span><\/p>\n<p>Hind ei sisalda hommikus\u00f6\u00f6ki.[\/vc_toggle][vc_column_text]<\/p>\n<h3>Puhkemaja &#8220;Ait&#8221;<\/h3>\n<p>[\/vc_column_text][vc_toggle title=&#8221;rohkem infot puhkemaja &#8220;Ait&#8220; kohta&#8221;]Puhkemaja 8 inimesele &#8211; 1 lai kaheinimesevoodi, 4 \u00fcheinimesevoodit, 1 kahekohaline diivanvoodi. V\u00f5imalik kuni kolm lisakohta madratsitel. Puhkemajas elektrikerisega saun, k\u00f6\u00f6ginurk tarvikutega, voodipesu, r\u00e4tikud, grilli-,paadi kasutamine. Puhkemaja ees avar terrass koos v\u00e4lim\u00f6\u00f6bliga. Vaata ka pikemat <span style=\"text-decoration: underline;\"><span style=\"color: #3366ff; text-decoration: underline;\"><a style=\"color: #3366ff; text-decoration: underline;\" href=\"https:\/\/www.tikutalu.ee\/majutus-puhkemajad\/#ait\">kirjeldust ja pilte<\/a><\/span><\/span><\/p>\n<p>Hind ei sisalda hommikus\u00f6\u00f6ki[\/vc_toggle][vc_column_text]<\/p>\n<h3>Vaba\u00f5husaal<\/h3>\n<p><a href=\"https:\/\/tikutalu.ee\/voimalused\/peokorraldus\/#tall\">rohkem infot ja pildid<\/a><\/p>\n<p>[\/vc_column_text][vc_column_text]<\/p>\n<h3>S\u00f5udepaadi rent<\/h3>\n<p><a href=\"https:\/\/www.tikutalu.ee\/aktiivne-puhkus\/#paat\">rohkem infot ja pildid<\/a><\/p>\n<p>[\/vc_column_text][\/vc_column][vc_column width=&#8221;1\/2&#8243;][vc_column_text]<\/p>\n<h3>Suitsusaun<\/h3>\n<p><a href=\"https:\/\/tikutalu.ee\/en\/saunas\/\">rohkem infot ja pildid<\/a><\/p>\n<h3>K\u00fcmblust\u00fcnni rent<\/h3>\n<p><a href=\"https:\/\/tikutalu.ee\/en\/saunas\/#tynn\">rohkem infot ja pildid<\/a><\/p>\n<p>[\/vc_column_text][\/vc_column][\/vc_row][vc_row][vc_column][vc_column_text]<\/p>\n<p style=\"text-align: center;\"><strong>Pikemaajalistele broneeringutele soodustused! K\u00fcsi pakkumist <a href=\"mailto:peremees@tikutalu.ee\">perenaine@tikutalu.ee<\/a> !<\/strong><\/p>\n<p>[\/vc_column_text][\/vc_column][\/vc_row]<\/p>\n<\/div>","protected":false},"excerpt":{"rendered":"<p>[vc_row][vc_column][vc_column_text] Tikutalu teenuste hinnad Privaatsed sauna- ja suure terrassiga puhkemajad Kontaktivaba sisse-ja v\u00e4lja registreerimine Hinna sees saun, voodipesud, saunar\u00e4tikud, grill, wifi. Hinnakiri Nimetus Hind eur&#8230;<\/p>\n","protected":false},"author":2,"featured_media":0,"parent":0,"menu_order":47,"comment_status":"closed","ping_status":"closed","template":"","meta":{"footnotes":""},"class_list":["post-5400","page","type-page","status-publish","hentry"],"yoast_head":"<!-- This site is optimized with the Yoast SEO plugin v27.5 - https:\/\/yoast.com\/product\/yoast-seo-wordpress\/ -->\n<title>Pricelist - Tiku Puhkemajad<\/title>\n<meta name=\"robots\" content=\"index, follow, max-snippet:-1, max-image-preview:large, max-video-preview:-1\" \/>\n<link rel=\"canonical\" href=\"https:\/\/tikutalu.ee\/en\/pricelist\/\" \/>\n<meta property=\"og:locale\" content=\"en_US\" \/>\n<meta property=\"og:type\" content=\"article\" \/>\n<meta property=\"og:title\" content=\"Pricelist - Tiku Puhkemajad\" \/>\n<meta property=\"og:description\" content=\"[vc_row][vc_column][vc_column_text] Tikutalu teenuste hinnad Privaatsed sauna- ja suure terrassiga puhkemajad Kontaktivaba sisse-ja v\u00e4lja registreerimine Hinna sees saun, voodipesud, saunar\u00e4tikud, grill, wifi. Hinnakiri Nimetus Hind eur...\" \/>\n<meta property=\"og:url\" content=\"https:\/\/tikutalu.ee\/en\/pricelist\/\" \/>\n<meta property=\"og:site_name\" content=\"Tiku Puhkemajad\" \/>\n<meta property=\"article:publisher\" content=\"https:\/\/www.facebook.com\/Kiidjarve\/\" \/>\n<meta property=\"article:modified_time\" content=\"2026-03-23T18:57:39+00:00\" \/>\n<meta name=\"twitter:label1\" content=\"Est. reading time\" \/>\n\t<meta name=\"twitter:data1\" content=\"1 minute\" \/>\n<script type=\"application\/ld+json\" class=\"yoast-schema-graph\">{\"@context\":\"https:\\\/\\\/schema.org\",\"@graph\":[{\"@type\":\"WebPage\",\"@id\":\"https:\\\/\\\/tikutalu.ee\\\/en\\\/pricelist\\\/\",\"url\":\"https:\\\/\\\/tikutalu.ee\\\/en\\\/pricelist\\\/\",\"name\":\"Pricelist - Tiku Puhkemajad\",\"isPartOf\":{\"@id\":\"https:\\\/\\\/tikutalu.ee\\\/#website\"},\"datePublished\":\"2019-04-22T14:33:17+00:00\",\"dateModified\":\"2026-03-23T18:57:39+00:00\",\"breadcrumb\":{\"@id\":\"https:\\\/\\\/tikutalu.ee\\\/en\\\/pricelist\\\/#breadcrumb\"},\"inLanguage\":\"en-US\",\"potentialAction\":[{\"@type\":\"ReadAction\",\"target\":[\"https:\\\/\\\/tikutalu.ee\\\/en\\\/pricelist\\\/\"]}]},{\"@type\":\"BreadcrumbList\",\"@id\":\"https:\\\/\\\/tikutalu.ee\\\/en\\\/pricelist\\\/#breadcrumb\",\"itemListElement\":[{\"@type\":\"ListItem\",\"position\":1,\"name\":\"Home\",\"item\":\"https:\\\/\\\/tikutalu.ee\\\/en\\\/\"},{\"@type\":\"ListItem\",\"position\":2,\"name\":\"Pricelist\"}]},{\"@type\":\"WebSite\",\"@id\":\"https:\\\/\\\/tikutalu.ee\\\/#website\",\"url\":\"https:\\\/\\\/tikutalu.ee\\\/\",\"name\":\"Tiku Puhkemajad\",\"description\":\"Stairs, Railings, Metal works\",\"publisher\":{\"@id\":\"https:\\\/\\\/tikutalu.ee\\\/#organization\"},\"potentialAction\":[{\"@type\":\"SearchAction\",\"target\":{\"@type\":\"EntryPoint\",\"urlTemplate\":\"https:\\\/\\\/tikutalu.ee\\\/?s={search_term_string}\"},\"query-input\":{\"@type\":\"PropertyValueSpecification\",\"valueRequired\":true,\"valueName\":\"search_term_string\"}}],\"inLanguage\":\"en-US\"},{\"@type\":\"Organization\",\"@id\":\"https:\\\/\\\/tikutalu.ee\\\/#organization\",\"name\":\"Tiku Puhkemajad\",\"url\":\"https:\\\/\\\/tikutalu.ee\\\/\",\"logo\":{\"@type\":\"ImageObject\",\"inLanguage\":\"en-US\",\"@id\":\"https:\\\/\\\/tikutalu.ee\\\/#\\\/schema\\\/logo\\\/image\\\/\",\"url\":\"https:\\\/\\\/www.tikutalu.ee\\\/wp-content\\\/uploads\\\/2019\\\/01\\\/mida-roheline-saun.jpg\",\"contentUrl\":\"https:\\\/\\\/www.tikutalu.ee\\\/wp-content\\\/uploads\\\/2019\\\/01\\\/mida-roheline-saun.jpg\",\"width\":855,\"height\":570,\"caption\":\"Tiku Puhkemajad\"},\"image\":{\"@id\":\"https:\\\/\\\/tikutalu.ee\\\/#\\\/schema\\\/logo\\\/image\\\/\"},\"sameAs\":[\"https:\\\/\\\/www.facebook.com\\\/Kiidjarve\\\/\"]}]}<\/script>\n<!-- \/ Yoast SEO plugin. -->","yoast_head_json":{"title":"Pricelist - Tiku Puhkemajad","robots":{"index":"index","follow":"follow","max-snippet":"max-snippet:-1","max-image-preview":"max-image-preview:large","max-video-preview":"max-video-preview:-1"},"canonical":"https:\/\/tikutalu.ee\/en\/pricelist\/","og_locale":"en_US","og_type":"article","og_title":"Pricelist - Tiku Puhkemajad","og_description":"[vc_row][vc_column][vc_column_text] Tikutalu teenuste hinnad Privaatsed sauna- ja suure terrassiga puhkemajad Kontaktivaba sisse-ja v\u00e4lja registreerimine Hinna sees saun, voodipesud, saunar\u00e4tikud, grill, wifi. Hinnakiri Nimetus Hind eur...","og_url":"https:\/\/tikutalu.ee\/en\/pricelist\/","og_site_name":"Tiku Puhkemajad","article_publisher":"https:\/\/www.facebook.com\/Kiidjarve\/","article_modified_time":"2026-03-23T18:57:39+00:00","twitter_misc":{"Est. reading time":"1 minute"},"schema":{"@context":"https:\/\/schema.org","@graph":[{"@type":"WebPage","@id":"https:\/\/tikutalu.ee\/en\/pricelist\/","url":"https:\/\/tikutalu.ee\/en\/pricelist\/","name":"Pricelist - Tiku Puhkemajad","isPartOf":{"@id":"https:\/\/tikutalu.ee\/#website"},"datePublished":"2019-04-22T14:33:17+00:00","dateModified":"2026-03-23T18:57:39+00:00","breadcrumb":{"@id":"https:\/\/tikutalu.ee\/en\/pricelist\/#breadcrumb"},"inLanguage":"en-US","potentialAction":[{"@type":"ReadAction","target":["https:\/\/tikutalu.ee\/en\/pricelist\/"]}]},{"@type":"BreadcrumbList","@id":"https:\/\/tikutalu.ee\/en\/pricelist\/#breadcrumb","itemListElement":[{"@type":"ListItem","position":1,"name":"Home","item":"https:\/\/tikutalu.ee\/en\/"},{"@type":"ListItem","position":2,"name":"Pricelist"}]},{"@type":"WebSite","@id":"https:\/\/tikutalu.ee\/#website","url":"https:\/\/tikutalu.ee\/","name":"Tiku Puhkemajad","description":"Stairs, Railings, Metal works","publisher":{"@id":"https:\/\/tikutalu.ee\/#organization"},"potentialAction":[{"@type":"SearchAction","target":{"@type":"EntryPoint","urlTemplate":"https:\/\/tikutalu.ee\/?s={search_term_string}"},"query-input":{"@type":"PropertyValueSpecification","valueRequired":true,"valueName":"search_term_string"}}],"inLanguage":"en-US"},{"@type":"Organization","@id":"https:\/\/tikutalu.ee\/#organization","name":"Tiku Puhkemajad","url":"https:\/\/tikutalu.ee\/","logo":{"@type":"ImageObject","inLanguage":"en-US","@id":"https:\/\/tikutalu.ee\/#\/schema\/logo\/image\/","url":"https:\/\/www.tikutalu.ee\/wp-content\/uploads\/2019\/01\/mida-roheline-saun.jpg","contentUrl":"https:\/\/www.tikutalu.ee\/wp-content\/uploads\/2019\/01\/mida-roheline-saun.jpg","width":855,"height":570,"caption":"Tiku Puhkemajad"},"image":{"@id":"https:\/\/tikutalu.ee\/#\/schema\/logo\/image\/"},"sameAs":["https:\/\/www.facebook.com\/Kiidjarve\/"]}]}},"_links":{"self":[{"href":"https:\/\/tikutalu.ee\/en\/wp-json\/wp\/v2\/pages\/5400","targetHints":{"allow":["GET"]}}],"collection":[{"href":"https:\/\/tikutalu.ee\/en\/wp-json\/wp\/v2\/pages"}],"about":[{"href":"https:\/\/tikutalu.ee\/en\/wp-json\/wp\/v2\/types\/page"}],"author":[{"embeddable":true,"href":"https:\/\/tikutalu.ee\/en\/wp-json\/wp\/v2\/users\/2"}],"replies":[{"embeddable":true,"href":"https:\/\/tikutalu.ee\/en\/wp-json\/wp\/v2\/comments?post=5400"}],"version-history":[{"count":5,"href":"https:\/\/tikutalu.ee\/en\/wp-json\/wp\/v2\/pages\/5400\/revisions"}],"predecessor-version":[{"id":6819,"href":"https:\/\/tikutalu.ee\/en\/wp-json\/wp\/v2\/pages\/5400\/revisions\/6819"}],"wp:attachment":[{"href":"https:\/\/tikutalu.ee\/en\/wp-json\/wp\/v2\/media?parent=5400"}],"curies":[{"name":"wp","href":"https:\/\/api.w.org\/{rel}","templated":true}]}}