{"id":5398,"date":"2019-04-22T17:32:29","date_gmt":"2019-04-22T14:32:29","guid":{"rendered":"https:\/\/www.tikutalu.ee\/?page_id=5398"},"modified":"2021-04-07T09:38:18","modified_gmt":"2021-04-07T06:38:18","slug":"contact","status":"publish","type":"page","link":"https:\/\/tikutalu.ee\/en\/contact\/","title":{"rendered":"Contact"},"content":{"rendered":"<div class=\"wpb-content-wrapper\"><p>[vc_row][vc_column][vc_column_text]<\/p>\n<h1 style=\"text-align: center;\">Tiku puhkemajad<\/h1>\n<p>[\/vc_column_text][\/vc_column][\/vc_row][vc_row css=&#8221;.vc_custom_1548226674606{margin-bottom: 50px !important;}&#8221; el_class=&#8221;contact-bubbles&#8221;][vc_column width=&#8221;1\/3&#8243;]        <link rel=\"stylesheet\" href=\"https:\/\/tikutalu.ee\/wp-content\/themes\/xstore\/css\/modules\/builders\/icon-boxes.min.css?ver=9.6.2\" type=\"text\/css\" media=\"all\" \/> \t\t\n\t\t<div\n                class=\"ibox-block  box-7935 icon-top align-center flex-wrap\"\n                        >\n\t\t\t\t\t\t\t<div class=\"ibox-symbol full-width\">\n\t\t\t\t\t<i class=\"fa fa-envelope-open-o\"><\/i>\t\t\t\t<\/div>\n\t\t\t\n\t\t\t<div class=\"ibox-content\">\n\t\t\t\t\n\t\t\t\t\t\t\t\t\t<div class=\"ibox-text\">\n\t\t\t\t\t\t<\/p>\n<p style=\"text-align: center;\">peremees@tikutalu.ee<\/p>\n<p>\t\t\t\t\t<\/div>\n\t\t\t\t\n\t\t\t\t<div class=\"button-wrap\"><a href=\"mailto:perenaine@tikutalu.ee\" class=\"btn style-active size-default\">Kirjuta !<\/a><\/div>\t\t\t<\/div>\n\n\t\t\t\n\t\t<\/div>\n\n\t\t[\/vc_column][vc_column width=&#8221;1\/3&#8243;]        <link rel=\"stylesheet\" href=\"https:\/\/tikutalu.ee\/wp-content\/themes\/xstore\/css\/modules\/builders\/icon-boxes.min.css?ver=9.6.2\" type=\"text\/css\" media=\"all\" \/> \t\t\n\t\t<div\n                class=\"ibox-block  box-9040 icon-top align-center flex-wrap\"\n                        >\n\t\t\t\t\t\t\t<div class=\"ibox-symbol full-width\">\n\t\t\t\t\t<i class=\"fa fa-mobile\"><\/i>\t\t\t\t<\/div>\n\t\t\t\n\t\t\t<div class=\"ibox-content\">\n\t\t\t\t\n\t\t\t\t\t\t\t\t\t<div class=\"ibox-text\">\n\t\t\t\t\t\t<\/p>\n<p style=\"text-align: center;\">+372 530 000 10<\/p>\n<p>\t\t\t\t\t<\/div>\n\t\t\t\t\n\t\t\t\t<div class=\"button-wrap\"><a href=\"tel:+37253000010\" class=\"btn style-active size-default\">Helista !<\/a><\/div>\t\t\t<\/div>\n\n\t\t\t\n\t\t<\/div>\n\n\t\t[\/vc_column][vc_column width=&#8221;1\/3&#8243;]        <link rel=\"stylesheet\" href=\"https:\/\/tikutalu.ee\/wp-content\/themes\/xstore\/css\/modules\/builders\/icon-boxes.min.css?ver=9.6.2\" type=\"text\/css\" media=\"all\" \/> \t\t\n\t\t<div\n                class=\"ibox-block  box-5449 icon-top align-center flex-wrap\"\n                        >\n\t\t\t\t\t\t\t<div class=\"ibox-symbol full-width\">\n\t\t\t\t\t<i class=\"fa fa-question-circle-o\"><\/i>\t\t\t\t<\/div>\n\t\t\t\n\t\t\t<div class=\"ibox-content\">\n\t\t\t\t\n\t\t\t\t\t\t\t\t\t<div class=\"ibox-text\">\n\t\t\t\t\t\t<\/p>\n<p style=\"text-align: center;\">otsep\u00e4ring<\/p>\n<p>\t\t\t\t\t<\/div>\n\t\t\t\t\n\t\t\t\t<div class=\"button-wrap\"><a href=\"#saada\" class=\"btn style-active size-default\">K\u00fcsi !<\/a><\/div>\t\t\t<\/div>\n\n\t\t\t\n\t\t<\/div>\n\n\t\t[\/vc_column][\/vc_row][vc_row][vc_column][vc_column_text]<\/p>\n<p style=\"text-align: center;\">Tiku Puhkemajad asuvad L\u00f5una-Eestis, P\u00f5lvamaal, Ahja j\u00f5e kaldal<\/p>\n<p>[\/vc_column_text][\/vc_column][\/vc_row][vc_row equal_height=&#8221;yes&#8221; content_placement=&#8221;top&#8221; et_uniqid=&#8221;et_custom_uniqid_5eb80ccac09ca&#8221; css=&#8221;.vc_custom_1589120273192{margin-top: 20px !important;}&#8221; _et_uniqid=&#8221;et_custom_uniqid_new_5eb80d0516b00&#8243;][vc_column width=&#8221;2\/3&#8243;][vc_raw_html]JTNDaWZyYW1lJTIwc3JjJTNEJTIyaHR0cHMlM0ElMkYlMkZ3d3cuZ29vZ2xlLmNvbSUyRm1hcHMlMkZlbWJlZCUzRnBiJTNEJTIxMW0xOCUyMTFtMTIlMjExbTMlMjExZDEzODIzODEuNzY0Mzc1MDA3NyUyMTJkMjUuNDkwNzA4Njc4NDE1OTUyJTIxM2Q1OC41NjIzOTM2NjM2NzUxOTUlMjEybTMlMjExZjAlMjEyZjAlMjEzZjAlMjEzbTIlMjExaTEwMjQlMjEyaTc2OCUyMTRmMTMuMSUyMTNtMyUyMTFtMiUyMTFzMHg0NmViMjBhM2YyMTk2NDMzJTI1M0EweDdmZTU2ZjYzZDMyYWRlYTMlMjEyc1Rpa3UlMjUyMEhvbGlkYXklMjUyMEhvbWVzJTIxNWUwJTIxM20yJTIxMXNldCUyMTJzZWUlMjE0djE1NzI1MTk2MzEzMDElMjE1bTIlMjExc2V0JTIxMnNlZSUyMiUyMHdpZHRoJTNEJTIyMTAwJTI1JTIyJTIwaGVpZ2h0JTNEJTIyNTAwJTIyJTIwZnJhbWVib3JkZXIlM0QlMjIwJTIyJTIwc3R5bGUlM0QlMjJib3JkZXIlM0EwJTNCJTIyJTIwYWxsb3dmdWxsc2NyZWVuJTNEJTIyJTIyJTNFJTNDJTJGaWZyYW1lJTNF[\/vc_raw_html][\/vc_column][vc_column width=&#8221;1\/3&#8243;][vc_column_text el_id=&#8221;saada&#8221;]<\/p>\n<h3 style=\"text-align: center;\">Saada p\u00e4ring<\/h3>\n<p style=\"text-align: center;\">\n<div class=\"wpcf7 no-js\" id=\"wpcf7-f24-o1\" lang=\"et\" dir=\"ltr\" data-wpcf7-id=\"24\">\n<div class=\"screen-reader-response\"><p role=\"status\" aria-live=\"polite\" aria-atomic=\"true\"><\/p> <ul><\/ul><\/div>\n<form action=\"\/en\/wp-json\/wp\/v2\/pages\/5398#wpcf7-f24-o1\" method=\"post\" class=\"wpcf7-form init\" aria-label=\"Contact form\" novalidate=\"novalidate\" data-status=\"init\">\n<fieldset class=\"hidden-fields-container\"><input type=\"hidden\" name=\"_wpcf7\" value=\"24\" \/><input type=\"hidden\" name=\"_wpcf7_version\" value=\"6.1.5\" \/><input type=\"hidden\" name=\"_wpcf7_locale\" value=\"et\" \/><input type=\"hidden\" name=\"_wpcf7_unit_tag\" value=\"wpcf7-f24-o1\" \/><input type=\"hidden\" name=\"_wpcf7_container_post\" value=\"0\" \/><input type=\"hidden\" name=\"_wpcf7_posted_data_hash\" value=\"\" \/><input type=\"hidden\" name=\"_wpcf7_recaptcha_response\" value=\"\" \/>\n<\/fieldset>\n<p><span class=\"wpcf7-form-control-wrap\" data-name=\"your-name\"><input size=\"40\" maxlength=\"400\" class=\"wpcf7-form-control wpcf7-text wpcf7-validates-as-required\" aria-required=\"true\" aria-invalid=\"false\" placeholder=\"Nimi\" value=\"\" type=\"text\" name=\"your-name\" \/><\/span>\n<\/p>\n<p><span class=\"wpcf7-form-control-wrap\" data-name=\"your-email\"><input size=\"40\" maxlength=\"400\" class=\"wpcf7-form-control wpcf7-email wpcf7-validates-as-required wpcf7-text wpcf7-validates-as-email\" aria-required=\"true\" aria-invalid=\"false\" placeholder=\"Email\" value=\"\" type=\"email\" name=\"your-email\" \/><\/span>\n<\/p>\n<p><span class=\"wpcf7-form-control-wrap\" data-name=\"your-message\"><textarea cols=\"40\" rows=\"10\" maxlength=\"2000\" class=\"wpcf7-form-control wpcf7-textarea\" aria-invalid=\"false\" placeholder=\"S\u00f5num\" name=\"your-message\"><\/textarea><\/span><br \/>\n<input class=\"wpcf7-form-control wpcf7-submit has-spinner\" type=\"submit\" value=\"Saada\" \/>\n<\/p><div class=\"wpcf7-response-output\" aria-hidden=\"true\"><\/div>\n<\/form>\n<\/div>\n<p>[\/vc_column_text][vc_empty_space height=&#8221;100px&#8221;][\/vc_column][\/vc_row]<\/p>\n<\/div>","protected":false},"excerpt":{"rendered":"<p>[vc_row][vc_column][vc_column_text] Tiku puhkemajad [\/vc_column_text][\/vc_column][\/vc_row][vc_row css=&#8221;.vc_custom_1548226674606{margin-bottom: 50px !important;}&#8221; el_class=&#8221;contact-bubbles&#8221;][vc_column width=&#8221;1\/3&#8243;][\/vc_column][vc_column width=&#8221;1\/3&#8243;][\/vc_column][vc_column width=&#8221;1\/3&#8243;][\/vc_column][\/vc_row][vc_row][vc_column][vc_column_text] Tiku Puhkemajad asuvad L\u00f5una-Eestis, P\u00f5lvamaal, Ahja j\u00f5e kaldal [\/vc_column_text][\/vc_column][\/vc_row][vc_row equal_height=&#8221;yes&#8221; content_placement=&#8221;top&#8221; et_uniqid=&#8221;et_custom_uniqid_5eb80ccac09ca&#8221; css=&#8221;.vc_custom_1589120273192{margin-top: 20px&#8230;<\/p>\n","protected":false},"author":2,"featured_media":0,"parent":0,"menu_order":50,"comment_status":"closed","ping_status":"closed","template":"","meta":{"footnotes":""},"class_list":["post-5398","page","type-page","status-publish","hentry"],"yoast_head":"<!-- This site is optimized with the Yoast SEO plugin v27.4 - https:\/\/yoast.com\/product\/yoast-seo-wordpress\/ -->\n<title>Contact - Tiku Puhkemajad<\/title>\n<meta name=\"robots\" content=\"index, follow, max-snippet:-1, max-image-preview:large, max-video-preview:-1\" \/>\n<link rel=\"canonical\" href=\"https:\/\/tikutalu.ee\/en\/contact\/\" \/>\n<meta property=\"og:locale\" content=\"en_US\" \/>\n<meta property=\"og:type\" content=\"article\" \/>\n<meta property=\"og:title\" content=\"Contact - Tiku Puhkemajad\" \/>\n<meta property=\"og:description\" content=\"[vc_row][vc_column][vc_column_text] Tiku puhkemajad [\/vc_column_text][\/vc_column][\/vc_row][vc_row css=&#8221;.vc_custom_1548226674606{margin-bottom: 50px !important;}&#8221; el_class=&#8221;contact-bubbles&#8221;][vc_column width=&#8221;1\/3&#8243;][\/vc_column][vc_column width=&#8221;1\/3&#8243;][\/vc_column][vc_column width=&#8221;1\/3&#8243;][\/vc_column][\/vc_row][vc_row][vc_column][vc_column_text] Tiku Puhkemajad asuvad L\u00f5una-Eestis, P\u00f5lvamaal, Ahja j\u00f5e kaldal [\/vc_column_text][\/vc_column][\/vc_row][vc_row equal_height=&#8221;yes&#8221; content_placement=&#8221;top&#8221; et_uniqid=&#8221;et_custom_uniqid_5eb80ccac09ca&#8221; css=&#8221;.vc_custom_1589120273192{margin-top: 20px...\" \/>\n<meta property=\"og:url\" content=\"https:\/\/tikutalu.ee\/en\/contact\/\" \/>\n<meta property=\"og:site_name\" content=\"Tiku Puhkemajad\" \/>\n<meta property=\"article:publisher\" content=\"https:\/\/www.facebook.com\/Kiidjarve\/\" \/>\n<meta property=\"article:modified_time\" content=\"2021-04-07T06:38:18+00:00\" \/>\n<meta name=\"twitter:label1\" content=\"Est. reading time\" \/>\n\t<meta name=\"twitter:data1\" content=\"1 minute\" \/>\n<script type=\"application\/ld+json\" class=\"yoast-schema-graph\">{\"@context\":\"https:\\\/\\\/schema.org\",\"@graph\":[{\"@type\":\"WebPage\",\"@id\":\"https:\\\/\\\/tikutalu.ee\\\/en\\\/contact\\\/\",\"url\":\"https:\\\/\\\/tikutalu.ee\\\/en\\\/contact\\\/\",\"name\":\"Contact - Tiku Puhkemajad\",\"isPartOf\":{\"@id\":\"https:\\\/\\\/www.tikutalu.ee\\\/en\\\/#website\"},\"datePublished\":\"2019-04-22T14:32:29+00:00\",\"dateModified\":\"2021-04-07T06:38:18+00:00\",\"breadcrumb\":{\"@id\":\"https:\\\/\\\/tikutalu.ee\\\/en\\\/contact\\\/#breadcrumb\"},\"inLanguage\":\"en-US\",\"potentialAction\":[{\"@type\":\"ReadAction\",\"target\":[\"https:\\\/\\\/tikutalu.ee\\\/en\\\/contact\\\/\"]}]},{\"@type\":\"BreadcrumbList\",\"@id\":\"https:\\\/\\\/tikutalu.ee\\\/en\\\/contact\\\/#breadcrumb\",\"itemListElement\":[{\"@type\":\"ListItem\",\"position\":1,\"name\":\"Home\",\"item\":\"https:\\\/\\\/www.tikutalu.ee\\\/en\\\/\"},{\"@type\":\"ListItem\",\"position\":2,\"name\":\"Contact\"}]},{\"@type\":\"WebSite\",\"@id\":\"https:\\\/\\\/www.tikutalu.ee\\\/en\\\/#website\",\"url\":\"https:\\\/\\\/www.tikutalu.ee\\\/en\\\/\",\"name\":\"Tiku Puhkemajad\",\"description\":\"Stairs, Railings, Metal works\",\"publisher\":{\"@id\":\"https:\\\/\\\/www.tikutalu.ee\\\/en\\\/#organization\"},\"potentialAction\":[{\"@type\":\"SearchAction\",\"target\":{\"@type\":\"EntryPoint\",\"urlTemplate\":\"https:\\\/\\\/www.tikutalu.ee\\\/en\\\/?s={search_term_string}\"},\"query-input\":{\"@type\":\"PropertyValueSpecification\",\"valueRequired\":true,\"valueName\":\"search_term_string\"}}],\"inLanguage\":\"en-US\"},{\"@type\":\"Organization\",\"@id\":\"https:\\\/\\\/www.tikutalu.ee\\\/en\\\/#organization\",\"name\":\"Tiku Puhkemajad\",\"url\":\"https:\\\/\\\/www.tikutalu.ee\\\/en\\\/\",\"logo\":{\"@type\":\"ImageObject\",\"inLanguage\":\"en-US\",\"@id\":\"https:\\\/\\\/www.tikutalu.ee\\\/en\\\/#\\\/schema\\\/logo\\\/image\\\/\",\"url\":\"https:\\\/\\\/www.tikutalu.ee\\\/wp-content\\\/uploads\\\/2019\\\/01\\\/mida-roheline-saun.jpg\",\"contentUrl\":\"https:\\\/\\\/www.tikutalu.ee\\\/wp-content\\\/uploads\\\/2019\\\/01\\\/mida-roheline-saun.jpg\",\"width\":855,\"height\":570,\"caption\":\"Tiku Puhkemajad\"},\"image\":{\"@id\":\"https:\\\/\\\/www.tikutalu.ee\\\/en\\\/#\\\/schema\\\/logo\\\/image\\\/\"},\"sameAs\":[\"https:\\\/\\\/www.facebook.com\\\/Kiidjarve\\\/\"]}]}<\/script>\n<!-- \/ Yoast SEO plugin. -->","yoast_head_json":{"title":"Contact - Tiku Puhkemajad","robots":{"index":"index","follow":"follow","max-snippet":"max-snippet:-1","max-image-preview":"max-image-preview:large","max-video-preview":"max-video-preview:-1"},"canonical":"https:\/\/tikutalu.ee\/en\/contact\/","og_locale":"en_US","og_type":"article","og_title":"Contact - Tiku Puhkemajad","og_description":"[vc_row][vc_column][vc_column_text] Tiku puhkemajad [\/vc_column_text][\/vc_column][\/vc_row][vc_row css=&#8221;.vc_custom_1548226674606{margin-bottom: 50px !important;}&#8221; el_class=&#8221;contact-bubbles&#8221;][vc_column width=&#8221;1\/3&#8243;][\/vc_column][vc_column width=&#8221;1\/3&#8243;][\/vc_column][vc_column width=&#8221;1\/3&#8243;][\/vc_column][\/vc_row][vc_row][vc_column][vc_column_text] Tiku Puhkemajad asuvad L\u00f5una-Eestis, P\u00f5lvamaal, Ahja j\u00f5e kaldal [\/vc_column_text][\/vc_column][\/vc_row][vc_row equal_height=&#8221;yes&#8221; content_placement=&#8221;top&#8221; et_uniqid=&#8221;et_custom_uniqid_5eb80ccac09ca&#8221; css=&#8221;.vc_custom_1589120273192{margin-top: 20px...","og_url":"https:\/\/tikutalu.ee\/en\/contact\/","og_site_name":"Tiku Puhkemajad","article_publisher":"https:\/\/www.facebook.com\/Kiidjarve\/","article_modified_time":"2021-04-07T06:38:18+00:00","twitter_misc":{"Est. reading time":"1 minute"},"schema":{"@context":"https:\/\/schema.org","@graph":[{"@type":"WebPage","@id":"https:\/\/tikutalu.ee\/en\/contact\/","url":"https:\/\/tikutalu.ee\/en\/contact\/","name":"Contact - Tiku Puhkemajad","isPartOf":{"@id":"https:\/\/www.tikutalu.ee\/en\/#website"},"datePublished":"2019-04-22T14:32:29+00:00","dateModified":"2021-04-07T06:38:18+00:00","breadcrumb":{"@id":"https:\/\/tikutalu.ee\/en\/contact\/#breadcrumb"},"inLanguage":"en-US","potentialAction":[{"@type":"ReadAction","target":["https:\/\/tikutalu.ee\/en\/contact\/"]}]},{"@type":"BreadcrumbList","@id":"https:\/\/tikutalu.ee\/en\/contact\/#breadcrumb","itemListElement":[{"@type":"ListItem","position":1,"name":"Home","item":"https:\/\/www.tikutalu.ee\/en\/"},{"@type":"ListItem","position":2,"name":"Contact"}]},{"@type":"WebSite","@id":"https:\/\/www.tikutalu.ee\/en\/#website","url":"https:\/\/www.tikutalu.ee\/en\/","name":"Tiku Puhkemajad","description":"Stairs, Railings, Metal works","publisher":{"@id":"https:\/\/www.tikutalu.ee\/en\/#organization"},"potentialAction":[{"@type":"SearchAction","target":{"@type":"EntryPoint","urlTemplate":"https:\/\/www.tikutalu.ee\/en\/?s={search_term_string}"},"query-input":{"@type":"PropertyValueSpecification","valueRequired":true,"valueName":"search_term_string"}}],"inLanguage":"en-US"},{"@type":"Organization","@id":"https:\/\/www.tikutalu.ee\/en\/#organization","name":"Tiku Puhkemajad","url":"https:\/\/www.tikutalu.ee\/en\/","logo":{"@type":"ImageObject","inLanguage":"en-US","@id":"https:\/\/www.tikutalu.ee\/en\/#\/schema\/logo\/image\/","url":"https:\/\/www.tikutalu.ee\/wp-content\/uploads\/2019\/01\/mida-roheline-saun.jpg","contentUrl":"https:\/\/www.tikutalu.ee\/wp-content\/uploads\/2019\/01\/mida-roheline-saun.jpg","width":855,"height":570,"caption":"Tiku Puhkemajad"},"image":{"@id":"https:\/\/www.tikutalu.ee\/en\/#\/schema\/logo\/image\/"},"sameAs":["https:\/\/www.facebook.com\/Kiidjarve\/"]}]}},"_links":{"self":[{"href":"https:\/\/tikutalu.ee\/en\/wp-json\/wp\/v2\/pages\/5398","targetHints":{"allow":["GET"]}}],"collection":[{"href":"https:\/\/tikutalu.ee\/en\/wp-json\/wp\/v2\/pages"}],"about":[{"href":"https:\/\/tikutalu.ee\/en\/wp-json\/wp\/v2\/types\/page"}],"author":[{"embeddable":true,"href":"https:\/\/tikutalu.ee\/en\/wp-json\/wp\/v2\/users\/2"}],"replies":[{"embeddable":true,"href":"https:\/\/tikutalu.ee\/en\/wp-json\/wp\/v2\/comments?post=5398"}],"version-history":[{"count":5,"href":"https:\/\/tikutalu.ee\/en\/wp-json\/wp\/v2\/pages\/5398\/revisions"}],"predecessor-version":[{"id":6125,"href":"https:\/\/tikutalu.ee\/en\/wp-json\/wp\/v2\/pages\/5398\/revisions\/6125"}],"wp:attachment":[{"href":"https:\/\/tikutalu.ee\/en\/wp-json\/wp\/v2\/media?parent=5398"}],"curies":[{"name":"wp","href":"https:\/\/api.w.org\/{rel}","templated":true}]}}